{"id":73,"date":"2024-01-05T12:32:48","date_gmt":"2024-01-05T15:32:48","guid":{"rendered":"https:\/\/site.lotobrasil.com.br\/?page_id=73"},"modified":"2025-04-03T09:04:37","modified_gmt":"2025-04-03T12:04:37","slug":"termos-de-uso","status":"publish","type":"page","link":"https:\/\/lotobrasil.com.br\/site\/termos-de-uso\/","title":{"rendered":"Termos de uso"},"content":{"rendered":"\t\t<div data-elementor-type=\"wp-page\" data-elementor-id=\"73\" class=\"elementor elementor-73\" data-elementor-post-type=\"page\">\n\t\t\t\t<div class=\"elementor-element elementor-element-31c32f8 e-con-full e-flex e-con e-parent\" data-id=\"31c32f8\" data-element_type=\"container\" data-settings=\"{&quot;background_background&quot;:&quot;classic&quot;}\">\n\t\t<div class=\"elementor-element elementor-element-30f1d0e e-flex e-con-boxed e-con e-child\" data-id=\"30f1d0e\" data-element_type=\"container\" data-settings=\"{&quot;background_background&quot;:&quot;classic&quot;}\">\n\t\t\t\t\t<div class=\"e-con-inner\">\n\t\t<div class=\"elementor-element elementor-element-9e274d3 e-con-full e-flex e-con e-child\" data-id=\"9e274d3\" data-element_type=\"container\">\n\t\t\t\t<div class=\"elementor-element elementor-element-69c0278 elementor-widget elementor-widget-image\" data-id=\"69c0278\" data-element_type=\"widget\" data-widget_type=\"image.default\">\n\t\t\t\t<div class=\"elementor-widget-container\">\n\t\t\t\t\t\t\t\t\t\t\t\t\t<img decoding=\"async\" width=\"247\" height=\"120\" src=\"https:\/\/lotobrasil.com.br\/site\/wp-content\/uploads\/2024\/01\/logo_loto_brasil_2.png\" class=\"attachment-large size-large wp-image-66\" alt=\"\" \/>\t\t\t\t\t\t\t\t\t\t\t\t\t<\/div>\n\t\t\t\t<\/div>\n\t\t\t\t<\/div>\n\t\t<div class=\"elementor-element elementor-element-f6745c0 e-con-full e-flex e-con e-child\" data-id=\"f6745c0\" data-element_type=\"container\">\n\t\t\t\t<div class=\"elementor-element elementor-element-19dcc50 elementor-widget elementor-widget-text-editor\" data-id=\"19dcc50\" data-element_type=\"widget\" data-widget_type=\"text-editor.default\">\n\t\t\t\t<div class=\"elementor-widget-container\">\n\t\t\t\t\t\t\t<p>Acesse seu Escrit\u00f3rio Virtual.<\/p>\t\t\t\t\t\t<\/div>\n\t\t\t\t<\/div>\n\t\t\t\t<div class=\"elementor-element elementor-element-71383d3 elementor-align-center elementor-widget elementor-widget-button\" data-id=\"71383d3\" data-element_type=\"widget\" data-widget_type=\"button.default\">\n\t\t\t\t<div class=\"elementor-widget-container\">\n\t\t\t\t\t\t\t<div class=\"elementor-button-wrapper\">\n\t\t\t\t\t<a class=\"elementor-button elementor-button-link elementor-size-sm elementor-animation-grow\" href=\"https:\/\/lotobrasil.com.br\/app\">\n\t\t\t\t\t\t<span class=\"elementor-button-content-wrapper\">\n\t\t\t\t\t\t<span class=\"elementor-button-icon\">\n\t\t\t\t<svg aria-hidden=\"true\" class=\"e-font-icon-svg e-fas-user\" viewBox=\"0 0 448 512\" xmlns=\"http:\/\/www.w3.org\/2000\/svg\"><path d=\"M224 256c70.7 0 128-57.3 128-128S294.7 0 224 0 96 57.3 96 128s57.3 128 128 128zm89.6 32h-16.7c-22.2 10.2-46.9 16-72.9 16s-50.6-5.8-72.9-16h-16.7C60.2 288 0 348.2 0 422.4V464c0 26.5 21.5 48 48 48h352c26.5 0 48-21.5 48-48v-41.6c0-74.2-60.2-134.4-134.4-134.4z\"><\/path><\/svg>\t\t\t<\/span>\n\t\t\t\t\t\t\t\t\t<span class=\"elementor-button-text\">LOGIN<\/span>\n\t\t\t\t\t<\/span>\n\t\t\t\t\t<\/a>\n\t\t\t\t<\/div>\n\t\t\t\t\t\t<\/div>\n\t\t\t\t<\/div>\n\t\t\t\t<\/div>\n\t\t\t\t\t<\/div>\n\t\t\t\t<\/div>\n\t\t<div class=\"elementor-element elementor-element-2c93fe8 e-flex e-con-boxed e-con e-child\" data-id=\"2c93fe8\" data-element_type=\"container\">\n\t\t\t\t\t<div class=\"e-con-inner\">\n\t\t\t\t<div class=\"elementor-element elementor-element-f8eaa94 elementor-widget elementor-widget-text-editor\" data-id=\"f8eaa94\" data-element_type=\"widget\" data-widget_type=\"text-editor.default\">\n\t\t\t\t<div class=\"elementor-widget-container\">\n\t\t\t\t\t\t\t<h2><span style=\"color: rgb(68, 68, 68);\">1. Termos<\/span><\/h2><p><span style=\"color: rgb(68, 68, 68);\">Ao acessar ao site <a href=\"https:\/\/site.lotobrasil.com.br\/\">LotoBrasil<\/a>, concorda em cumprir estes termos de servi\u00e7o, todas as leis e regulamentos aplic\u00e1veis \u200b\u200be concorda que \u00e9 respons\u00e1vel pelo cumprimento de todas as leis locais aplic\u00e1veis. Se voc\u00ea n\u00e3o concordar com algum desses termos, est\u00e1 proibido de usar ou acessar este site. Os materiais contidos neste site s\u00e3o protegidos pelas leis de direitos autorais e marcas comerciais aplic\u00e1veis.<\/span><\/p><h2><span style=\"color: rgb(68, 68, 68);\">2. Uso de Licen\u00e7a<\/span><\/h2><p><span style=\"color: rgb(68, 68, 68);\">\u00c9 concedida permiss\u00e3o para baixar temporariamente uma c\u00f3pia dos materiais (informa\u00e7\u00f5es ou software) no site LotoBrasil , apenas para visualiza\u00e7\u00e3o transit\u00f3ria pessoal e n\u00e3o comercial. Esta \u00e9 a concess\u00e3o de uma licen\u00e7a, n\u00e3o uma transfer\u00eancia de t\u00edtulo e, sob esta licen\u00e7a, voc\u00ea n\u00e3o pode:&nbsp;<\/span><\/p><ol><li><span style=\"color: rgb(68, 68, 68);\">modificar ou copiar os materiais;&nbsp;<\/span><\/li><li><span style=\"color: rgb(68, 68, 68);\">usar os materiais para qualquer finalidade comercial ou para exibi\u00e7\u00e3o p\u00fablica (comercial ou n\u00e3o comercial);&nbsp;<\/span><\/li><li><span style=\"color: rgb(68, 68, 68);\">tentar descompilar ou fazer engenharia reversa de qualquer software contido no site LotoBrasil;&nbsp;<\/span><\/li><li><span style=\"color: rgb(68, 68, 68);\">remover quaisquer direitos autorais ou outras nota\u00e7\u00f5es de propriedade dos materiais; ou&nbsp;<\/span><\/li><li><span style=\"color: rgb(68, 68, 68);\">transferir os materiais para outra pessoa ou &#8216;espelhe&#8217; os materiais em qualquer outro servidor.<\/span><\/li><\/ol><p><span style=\"color: rgb(68, 68, 68);\">Esta licen\u00e7a ser\u00e1 automaticamente rescindida se voc\u00ea violar alguma dessas restri\u00e7\u00f5es e poder\u00e1 ser rescindida por LotoBrasil a qualquer momento. Ao encerrar a visualiza\u00e7\u00e3o desses materiais ou ap\u00f3s o t\u00e9rmino desta licen\u00e7a, voc\u00ea deve apagar todos os materiais baixados em sua posse, seja em formato eletr\u00f3nico ou impresso.<\/span><\/p><h2><span style=\"color: rgb(68, 68, 68);\">3. Isen\u00e7\u00e3o de responsabilidade<\/span><\/h2><ol><li><span style=\"color: rgb(68, 68, 68);\">Os materiais no site da LotoBrasil s\u00e3o fornecidos &#8216;como est\u00e3o&#8217;. LotoBrasil n\u00e3o oferece garantias, expressas ou impl\u00edcitas, e, por este meio, isenta e nega todas as outras garantias, incluindo, sem limita\u00e7\u00e3o, garantias impl\u00edcitas ou condi\u00e7\u00f5es de comercializa\u00e7\u00e3o, adequa\u00e7\u00e3o a um fim espec\u00edfico ou n\u00e3o viola\u00e7\u00e3o de propriedade intelectual ou outra viola\u00e7\u00e3o de direitos.<\/span><\/li><li><span style=\"color: rgb(68, 68, 68);\">Al\u00e9m disso, o LotoBrasil n\u00e3o garante ou faz qualquer representa\u00e7\u00e3o relativa \u00e0 precis\u00e3o, aos resultados prov\u00e1veis \u200b\u200bou \u00e0 confiabilidade do uso dos materiais em seu site ou de outra forma relacionado a esses materiais ou em sites vinculados a este site.<\/span><\/li><\/ol><h2><span style=\"color: rgb(68, 68, 68);\">4. Limita\u00e7\u00f5es<\/span><\/h2><p><span style=\"color: rgb(68, 68, 68);\">Em nenhum caso o LotoBrasil ou seus fornecedores ser\u00e3o respons\u00e1veis \u200b\u200bpor quaisquer danos (incluindo, sem limita\u00e7\u00e3o, danos por perda de dados ou lucro ou devido a interrup\u00e7\u00e3o dos neg\u00f3cios) decorrentes do uso ou da incapacidade de usar os materiais em LotoBrasil, mesmo que LotoBrasil ou um representante autorizado da LotoBrasil tenha sido notificado oralmente ou por escrito da possibilidade de tais danos. Como algumas jurisdi\u00e7\u00f5es n\u00e3o permitem limita\u00e7\u00f5es em garantias impl\u00edcitas, ou limita\u00e7\u00f5es de responsabilidade por danos conseq\u00fcentes ou incidentais, essas limita\u00e7\u00f5es podem n\u00e3o se aplicar a voc\u00ea.<\/span><\/p><h2><span style=\"color: rgb(68, 68, 68);\">5. Precis\u00e3o dos materiais<\/span><\/h2><p><span style=\"color: rgb(68, 68, 68);\">Os materiais exibidos no site da LotoBrasil podem incluir erros t\u00e9cnicos, tipogr\u00e1ficos ou fotogr\u00e1ficos. LotoBrasil n\u00e3o garante que qualquer material em seu site seja preciso, completo ou atual. LotoBrasil pode fazer altera\u00e7\u00f5es nos materiais contidos em seu site a qualquer momento, sem aviso pr\u00e9vio. No entanto, LotoBrasil n\u00e3o se compromete a atualizar os materiais.<\/span><\/p><h2><span style=\"color: rgb(68, 68, 68);\">6. Links<\/span><\/h2><p><span style=\"color: rgb(68, 68, 68);\">O LotoBrasil n\u00e3o analisou todos os sites vinculados ao seu site e n\u00e3o \u00e9 respons\u00e1vel pelo conte\u00fado de nenhum site vinculado. A inclus\u00e3o de qualquer link n\u00e3o implica endosso por LotoBrasil do site. O uso de qualquer site vinculado \u00e9 por conta e risco do usu\u00e1rio.<\/span><\/p><p><br><\/p><h3><span style=\"color: rgb(68, 68, 68);\">Modifica\u00e7\u00f5es<\/span><\/h3><p><span style=\"color: rgb(68, 68, 68);\">O LotoBrasil pode revisar estes termos de servi\u00e7o do site a qualquer momento, sem aviso pr\u00e9vio. Ao usar este site, voc\u00ea concorda em ficar vinculado \u00e0 vers\u00e3o atual desses termos de servi\u00e7o.<\/span><\/p><h3><span style=\"color: rgb(68, 68, 68);\">Lei aplic\u00e1vel<\/span><\/h3><p><span style=\"color: rgb(68, 68, 68);\">Estes termos e condi\u00e7\u00f5es s\u00e3o regidos e interpretados de acordo com as leis do LotoBrasil e voc\u00ea se submete irrevogavelmente \u00e0 jurisdi\u00e7\u00e3o exclusiva dos tribunais naquele estado ou localidade.<\/span><\/p>\t\t\t\t\t\t<\/div>\n\t\t\t\t<\/div>\n\t\t\t\t\t<\/div>\n\t\t\t\t<\/div>\n\t\t\t\t<\/div>\n\t\t<div class=\"elementor-element elementor-element-73d2c59 e-flex e-con-boxed e-con e-parent\" data-id=\"73d2c59\" data-element_type=\"container\" data-settings=\"{&quot;background_background&quot;:&quot;classic&quot;}\">\n\t\t\t\t\t<div class=\"e-con-inner\">\n\t\t<div class=\"elementor-element elementor-element-da4a50d e-con-full e-flex e-con e-child\" data-id=\"da4a50d\" data-element_type=\"container\">\n\t\t\t\t<div class=\"elementor-element elementor-element-94a1f47 elementor-widget elementor-widget-text-editor\" data-id=\"94a1f47\" data-element_type=\"widget\" data-widget_type=\"text-editor.default\">\n\t\t\t\t<div class=\"elementor-widget-container\">\n\t\t\t\t\t\t\t<p>Todos os direitos reservados \u00a9. Loto Brasil.<\/p>\t\t\t\t\t\t<\/div>\n\t\t\t\t<\/div>\n\t\t\t\t<\/div>\n\t\t<div class=\"elementor-element elementor-element-3bd52ee e-con-full e-flex e-con e-child\" data-id=\"3bd52ee\" data-element_type=\"container\">\n\t\t\t\t<div class=\"elementor-element elementor-element-2a6e390 link elementor-widget elementor-widget-text-editor\" data-id=\"2a6e390\" data-element_type=\"widget\" data-widget_type=\"text-editor.default\">\n\t\t\t\t<div class=\"elementor-widget-container\">\n\t\t\t\t\t\t\t<p><a href=\"https:\/\/lotobrasil.com.br\/site\/politica-de-privacidade\/\" target=\"_blank\" rel=\"noopener\">Pol\u00edtica de Privacidade<\/a><\/p>\t\t\t\t\t\t<\/div>\n\t\t\t\t<\/div>\n\t\t\t\t<\/div>\n\t\t<div class=\"elementor-element elementor-element-6f304cf e-con-full e-flex e-con e-child\" data-id=\"6f304cf\" data-element_type=\"container\">\n\t\t\t\t<div class=\"elementor-element elementor-element-a18329c link elementor-widget elementor-widget-text-editor\" data-id=\"a18329c\" data-element_type=\"widget\" data-widget_type=\"text-editor.default\">\n\t\t\t\t<div class=\"elementor-widget-container\">\n\t\t\t\t\t\t\t<p><a href=\"https:\/\/lotobrasil.com.br\/site\/termos-de-uso\/\" target=\"_blank\">Termos de uso<\/a><\/p>\t\t\t\t\t\t<\/div>\n\t\t\t\t<\/div>\n\t\t\t\t<\/div>\n\t\t\t\t\t<\/div>\n\t\t\t\t<\/div>\n\t\t\t\t<\/div>\n\t\t","protected":false},"excerpt":{"rendered":"<p>Acesse seu Escrit\u00f3rio Virtual. LOGIN 1. Termos Ao acessar ao site LotoBrasil, concorda em cumprir estes termos de servi\u00e7o, todas as leis e regulamentos aplic\u00e1veis \u200b\u200be concorda que \u00e9 respons\u00e1vel pelo cumprimento de todas as leis locais aplic\u00e1veis. Se voc\u00ea n\u00e3o concordar com algum desses termos, est\u00e1 proibido de usar ou acessar este site. Os [&hellip;]<\/p>\n","protected":false},"author":1,"featured_media":0,"parent":0,"menu_order":0,"comment_status":"closed","ping_status":"closed","template":"elementor_canvas","meta":{"footnotes":""},"class_list":["post-73","page","type-page","status-publish","hentry"],"_links":{"self":[{"href":"https:\/\/lotobrasil.com.br\/site\/wp-json\/wp\/v2\/pages\/73","targetHints":{"allow":["GET"]}}],"collection":[{"href":"https:\/\/lotobrasil.com.br\/site\/wp-json\/wp\/v2\/pages"}],"about":[{"href":"https:\/\/lotobrasil.com.br\/site\/wp-json\/wp\/v2\/types\/page"}],"author":[{"embeddable":true,"href":"https:\/\/lotobrasil.com.br\/site\/wp-json\/wp\/v2\/users\/1"}],"replies":[{"embeddable":true,"href":"https:\/\/lotobrasil.com.br\/site\/wp-json\/wp\/v2\/comments?post=73"}],"version-history":[{"count":14,"href":"https:\/\/lotobrasil.com.br\/site\/wp-json\/wp\/v2\/pages\/73\/revisions"}],"predecessor-version":[{"id":145,"href":"https:\/\/lotobrasil.com.br\/site\/wp-json\/wp\/v2\/pages\/73\/revisions\/145"}],"wp:attachment":[{"href":"https:\/\/lotobrasil.com.br\/site\/wp-json\/wp\/v2\/media?parent=73"}],"curies":[{"name":"wp","href":"https:\/\/api.w.org\/{rel}","templated":true}]}}